{"id":4321,"date":"2025-06-30T11:22:27","date_gmt":"2025-06-30T09:22:27","guid":{"rendered":"https:\/\/flordecamp.com\/?post_type=product&#038;p=4321"},"modified":"2025-08-29T12:37:17","modified_gmt":"2025-08-29T10:37:17","slug":"caixa-combinada-flor-de-camp-4-kg","status":"publish","type":"product","link":"https:\/\/flordecamp.com\/en\/producte\/caixa-combinada-flor-de-camp-4-kg\/","title":{"rendered":"Caixa combinada Flor de camp &#8211; 4 kg"},"content":{"rendered":"","protected":false},"excerpt":{"rendered":"<p>&nbsp;<\/p>\n<p><strong>Descobreix el sabor de l&#8217;estiu amb la nostra caixa combinada, fruita de pinyol variada cultivada a la Ribera d&#8217;Ebre.<\/strong><\/p>\n<p>Una caixa de format 4 Kg que cont\u00e8 una selecci\u00f3 \u00fanica de fruita fresca, de qualitat, bona mida i de proximitat. Una combinaci\u00f3 ideal si vols provar m\u00e9s d&#8217;un tipus de fruita: pr\u00e9ssec, pr\u00e9ssec pla, nectarina i\/o albercoc, segons disponibilitat.<\/p>\n<p data-start=\"481\" data-end=\"651\">","protected":false},"featured_media":4322,"template":"","meta":[],"product_brand":[],"product_cat":[45],"product_tag":[],"class_list":{"0":"post-4321","1":"product","2":"type-product","3":"status-publish","4":"has-post-thumbnail","6":"product_cat-temporada-destiu","8":"first","9":"outofstock","10":"taxable","11":"shipping-taxable","12":"purchasable","13":"product-type-simple"},"yoast_head":"<!-- This site is optimized with the Yoast SEO plugin v27.4 - https:\/\/yoast.com\/product\/yoast-seo-wordpress\/ -->\n<title>Caixa combinada Flor de camp - 4 kg - Flor de Camp<\/title>\n<meta name=\"description\" content=\"Caixa de Pr\u00e9ssec Roig, temporada d&#039;estiu: A la Xina \u00e9s coneguda com la fruita de la immortalitat pel seu contingut en vitamines A...\" \/>\n<meta name=\"robots\" content=\"index, follow, max-snippet:-1, max-image-preview:large, max-video-preview:-1\" \/>\n<link rel=\"canonical\" href=\"https:\/\/flordecamp.com\/en\/product-2\/caixa-combinada-flor-de-camp-4-kg\/\" \/>\n<meta property=\"og:locale\" content=\"en_GB\" \/>\n<meta property=\"og:type\" content=\"article\" \/>\n<meta property=\"og:title\" content=\"Caixa combinada Flor de camp - 4 kg - Flor de Camp\" \/>\n<meta property=\"og:description\" content=\"Caixa de Pr\u00e9ssec Roig, temporada d&#039;estiu: A la Xina \u00e9s coneguda com la fruita de la immortalitat pel seu contingut en vitamines A...\" \/>\n<meta property=\"og:url\" content=\"https:\/\/flordecamp.com\/en\/product-2\/caixa-combinada-flor-de-camp-4-kg\/\" \/>\n<meta property=\"og:site_name\" content=\"Flor de Camp\" \/>\n<meta property=\"article:modified_time\" content=\"2025-08-29T10:37:17+00:00\" \/>\n<meta property=\"og:image\" content=\"https:\/\/flordecamp.com\/wp-content\/uploads\/2025\/06\/DSC_0136-auberge_i_nectarina-e1751275832402.png\" \/>\n\t<meta property=\"og:image:width\" content=\"797\" \/>\n\t<meta property=\"og:image:height\" content=\"684\" \/>\n\t<meta property=\"og:image:type\" content=\"image\/png\" \/>\n<meta name=\"twitter:card\" content=\"summary_large_image\" \/>\n<meta name=\"twitter:label1\" content=\"Estimated reading time\" \/>\n\t<meta name=\"twitter:data1\" content=\"1 minute\" \/>\n<script type=\"application\/ld+json\" class=\"yoast-schema-graph\">{\"@context\":\"https:\\\/\\\/schema.org\",\"@graph\":[{\"@type\":\"WebPage\",\"@id\":\"https:\\\/\\\/flordecamp.com\\\/producte\\\/caixa-combinada-flor-de-camp-4-kg\\\/\",\"url\":\"https:\\\/\\\/flordecamp.com\\\/producte\\\/caixa-combinada-flor-de-camp-4-kg\\\/\",\"name\":\"Caixa combinada Flor de camp - 4 kg - Flor de Camp\",\"isPartOf\":{\"@id\":\"https:\\\/\\\/flordecamp.com\\\/#website\"},\"primaryImageOfPage\":{\"@id\":\"https:\\\/\\\/flordecamp.com\\\/producte\\\/caixa-combinada-flor-de-camp-4-kg\\\/#primaryimage\"},\"image\":{\"@id\":\"https:\\\/\\\/flordecamp.com\\\/producte\\\/caixa-combinada-flor-de-camp-4-kg\\\/#primaryimage\"},\"thumbnailUrl\":\"https:\\\/\\\/flordecamp.com\\\/wp-content\\\/uploads\\\/2025\\\/06\\\/DSC_0136-auberge_i_nectarina-e1751275832402.png\",\"datePublished\":\"2025-06-30T09:22:27+00:00\",\"dateModified\":\"2025-08-29T10:37:17+00:00\",\"description\":\"Caixa de Pr\u00e9ssec Roig, temporada d'estiu: A la Xina \u00e9s coneguda com la fruita de la immortalitat pel seu contingut en vitamines A...\",\"breadcrumb\":{\"@id\":\"https:\\\/\\\/flordecamp.com\\\/producte\\\/caixa-combinada-flor-de-camp-4-kg\\\/#breadcrumb\"},\"inLanguage\":\"en-GB\",\"potentialAction\":[{\"@type\":\"ReadAction\",\"target\":[\"https:\\\/\\\/flordecamp.com\\\/producte\\\/caixa-combinada-flor-de-camp-4-kg\\\/\"]}]},{\"@type\":\"ImageObject\",\"inLanguage\":\"en-GB\",\"@id\":\"https:\\\/\\\/flordecamp.com\\\/producte\\\/caixa-combinada-flor-de-camp-4-kg\\\/#primaryimage\",\"url\":\"https:\\\/\\\/flordecamp.com\\\/wp-content\\\/uploads\\\/2025\\\/06\\\/DSC_0136-auberge_i_nectarina-e1751275832402.png\",\"contentUrl\":\"https:\\\/\\\/flordecamp.com\\\/wp-content\\\/uploads\\\/2025\\\/06\\\/DSC_0136-auberge_i_nectarina-e1751275832402.png\",\"width\":797,\"height\":684,\"caption\":\"Fotografia d'una caixa de pr\u00e9ssecs i nectarines amb l'etiqueta de Flor de Camp, Ribera d'Ebre.\"},{\"@type\":\"BreadcrumbList\",\"@id\":\"https:\\\/\\\/flordecamp.com\\\/producte\\\/caixa-combinada-flor-de-camp-4-kg\\\/#breadcrumb\",\"itemListElement\":[{\"@type\":\"ListItem\",\"position\":1,\"name\":\"Inici\",\"item\":\"https:\\\/\\\/flordecamp.com\\\/\"},{\"@type\":\"ListItem\",\"position\":2,\"name\":\"Botiga\",\"item\":\"https:\\\/\\\/flordecamp.com\\\/botiga\\\/\"},{\"@type\":\"ListItem\",\"position\":3,\"name\":\"Caixa combinada Flor de camp &#8211; 4 kg\"}]},{\"@type\":\"WebSite\",\"@id\":\"https:\\\/\\\/flordecamp.com\\\/#website\",\"url\":\"https:\\\/\\\/flordecamp.com\\\/\",\"name\":\"Flor de Camp\",\"description\":\"Agricultura sostenible a la Ribera d&#039;Ebre\",\"potentialAction\":[{\"@type\":\"SearchAction\",\"target\":{\"@type\":\"EntryPoint\",\"urlTemplate\":\"https:\\\/\\\/flordecamp.com\\\/?s={search_term_string}\"},\"query-input\":{\"@type\":\"PropertyValueSpecification\",\"valueRequired\":true,\"valueName\":\"search_term_string\"}}],\"inLanguage\":\"en-GB\"}]}<\/script>\n<!-- \/ Yoast SEO plugin. -->","yoast_head_json":{"title":"Caixa combinada Flor de camp - 4 kg - Flor de Camp","description":"Caixa de Pr\u00e9ssec Roig, temporada d'estiu: A la Xina \u00e9s coneguda com la fruita de la immortalitat pel seu contingut en vitamines A...","robots":{"index":"index","follow":"follow","max-snippet":"max-snippet:-1","max-image-preview":"max-image-preview:large","max-video-preview":"max-video-preview:-1"},"canonical":"https:\/\/flordecamp.com\/en\/product-2\/caixa-combinada-flor-de-camp-4-kg\/","og_locale":"en_GB","og_type":"article","og_title":"Caixa combinada Flor de camp - 4 kg - Flor de Camp","og_description":"Caixa de Pr\u00e9ssec Roig, temporada d'estiu: A la Xina \u00e9s coneguda com la fruita de la immortalitat pel seu contingut en vitamines A...","og_url":"https:\/\/flordecamp.com\/en\/product-2\/caixa-combinada-flor-de-camp-4-kg\/","og_site_name":"Flor de Camp","article_modified_time":"2025-08-29T10:37:17+00:00","og_image":[{"width":797,"height":684,"url":"https:\/\/flordecamp.com\/wp-content\/uploads\/2025\/06\/DSC_0136-auberge_i_nectarina-e1751275832402.png","type":"image\/png"}],"twitter_card":"summary_large_image","twitter_misc":{"Estimated reading time":"1 minute"},"schema":{"@context":"https:\/\/schema.org","@graph":[{"@type":"WebPage","@id":"https:\/\/flordecamp.com\/producte\/caixa-combinada-flor-de-camp-4-kg\/","url":"https:\/\/flordecamp.com\/producte\/caixa-combinada-flor-de-camp-4-kg\/","name":"Caixa combinada Flor de camp - 4 kg - Flor de Camp","isPartOf":{"@id":"https:\/\/flordecamp.com\/#website"},"primaryImageOfPage":{"@id":"https:\/\/flordecamp.com\/producte\/caixa-combinada-flor-de-camp-4-kg\/#primaryimage"},"image":{"@id":"https:\/\/flordecamp.com\/producte\/caixa-combinada-flor-de-camp-4-kg\/#primaryimage"},"thumbnailUrl":"https:\/\/flordecamp.com\/wp-content\/uploads\/2025\/06\/DSC_0136-auberge_i_nectarina-e1751275832402.png","datePublished":"2025-06-30T09:22:27+00:00","dateModified":"2025-08-29T10:37:17+00:00","description":"Caixa de Pr\u00e9ssec Roig, temporada d'estiu: A la Xina \u00e9s coneguda com la fruita de la immortalitat pel seu contingut en vitamines A...","breadcrumb":{"@id":"https:\/\/flordecamp.com\/producte\/caixa-combinada-flor-de-camp-4-kg\/#breadcrumb"},"inLanguage":"en-GB","potentialAction":[{"@type":"ReadAction","target":["https:\/\/flordecamp.com\/producte\/caixa-combinada-flor-de-camp-4-kg\/"]}]},{"@type":"ImageObject","inLanguage":"en-GB","@id":"https:\/\/flordecamp.com\/producte\/caixa-combinada-flor-de-camp-4-kg\/#primaryimage","url":"https:\/\/flordecamp.com\/wp-content\/uploads\/2025\/06\/DSC_0136-auberge_i_nectarina-e1751275832402.png","contentUrl":"https:\/\/flordecamp.com\/wp-content\/uploads\/2025\/06\/DSC_0136-auberge_i_nectarina-e1751275832402.png","width":797,"height":684,"caption":"Fotografia d'una caixa de pr\u00e9ssecs i nectarines amb l'etiqueta de Flor de Camp, Ribera d'Ebre."},{"@type":"BreadcrumbList","@id":"https:\/\/flordecamp.com\/producte\/caixa-combinada-flor-de-camp-4-kg\/#breadcrumb","itemListElement":[{"@type":"ListItem","position":1,"name":"Inici","item":"https:\/\/flordecamp.com\/"},{"@type":"ListItem","position":2,"name":"Botiga","item":"https:\/\/flordecamp.com\/botiga\/"},{"@type":"ListItem","position":3,"name":"Caixa combinada Flor de camp &#8211; 4 kg"}]},{"@type":"WebSite","@id":"https:\/\/flordecamp.com\/#website","url":"https:\/\/flordecamp.com\/","name":"Flor de Camp","description":"Agricultura sostenible a la Ribera d&#039;Ebre","potentialAction":[{"@type":"SearchAction","target":{"@type":"EntryPoint","urlTemplate":"https:\/\/flordecamp.com\/?s={search_term_string}"},"query-input":{"@type":"PropertyValueSpecification","valueRequired":true,"valueName":"search_term_string"}}],"inLanguage":"en-GB"}]}},"_links":{"self":[{"href":"https:\/\/flordecamp.com\/en\/wp-json\/wp\/v2\/product\/4321","targetHints":{"allow":["GET"]}}],"collection":[{"href":"https:\/\/flordecamp.com\/en\/wp-json\/wp\/v2\/product"}],"about":[{"href":"https:\/\/flordecamp.com\/en\/wp-json\/wp\/v2\/types\/product"}],"wp:featuredmedia":[{"embeddable":true,"href":"https:\/\/flordecamp.com\/en\/wp-json\/wp\/v2\/media\/4322"}],"wp:attachment":[{"href":"https:\/\/flordecamp.com\/en\/wp-json\/wp\/v2\/media?parent=4321"}],"wp:term":[{"taxonomy":"product_brand","embeddable":true,"href":"https:\/\/flordecamp.com\/en\/wp-json\/wp\/v2\/product_brand?post=4321"},{"taxonomy":"product_cat","embeddable":true,"href":"https:\/\/flordecamp.com\/en\/wp-json\/wp\/v2\/product_cat?post=4321"},{"taxonomy":"product_tag","embeddable":true,"href":"https:\/\/flordecamp.com\/en\/wp-json\/wp\/v2\/product_tag?post=4321"}],"curies":[{"name":"wp","href":"https:\/\/api.w.org\/{rel}","templated":true}]}}