{"id":4033,"date":"2024-05-10T14:56:21","date_gmt":"2024-05-10T12:56:21","guid":{"rendered":"https:\/\/flordecamp.com\/?post_type=product&#038;p=4033"},"modified":"2025-09-15T11:03:42","modified_gmt":"2025-09-15T09:03:42","slug":"caixa-pressec-pla","status":"publish","type":"product","link":"https:\/\/flordecamp.com\/en\/producte\/caixa-pressec-pla\/","title":{"rendered":"Caixa de Pr\u00e9ssec Pl\u00e0 &#8211;  4 kg"},"content":{"rendered":"","protected":false},"excerpt":{"rendered":"<p>&nbsp;<\/p>\n<p><strong>Paraguai\u00e0 \/ pr\u00e9ssec pla de la Ribera d&#8217;Ebre<\/strong><\/p>\n<p><strong>Color de la polpa:<\/strong> blanc brillant.<\/p>\n<p><strong>Format de la caixa:<\/strong> 4 Kg<\/p>\n<p>&nbsp;<\/p>\n<p>Flat peach is a climacteric product, what it means that it matures after the harvest. Its magnesium content helps to reduce anxiety and stress, and also it contributes to regulate the nervous system.<br \/>\nThese fruits help lower the harmful LDL cholesterol levels, that's why its phenolic compounds content. Moreover, its calcium and phosphorus content is an important contribution to the good health of bones and teeth.<br \/>\nCom en el cas dels pr\u00e9ssecs el seu alt contingut en vitamina C i antioxidants com la zeaxantina i la lute\u00efna exerceixen un efecte benefici\u00f3s per a la pell.<\/p>\n<p><strong>Nutritional values per 100 g of product<\/strong><\/p>\n<ul>\n<li><strong>Calories<\/strong>: 46 g<\/li>\n<li><strong>Prote\u00efnes<\/strong>: 0,9 g<\/li>\n<li><strong>Hidrats de carboni<\/strong>: 10,2g<\/li>\n<li><strong>Fibra<\/strong>: 2,2 g<\/li>\n<li><strong>Aigua<\/strong>: 88 g<\/li>\n<\/ul>","protected":false},"featured_media":4320,"template":"","meta":[],"product_brand":[],"product_cat":[45],"product_tag":[],"class_list":{"0":"post-4033","1":"product","2":"type-product","3":"status-publish","4":"has-post-thumbnail","6":"product_cat-temporada-destiu","8":"first","9":"outofstock","10":"taxable","11":"shipping-taxable","12":"purchasable","13":"product-type-simple"},"yoast_head":"<!-- This site is optimized with the Yoast SEO plugin v27.4 - https:\/\/yoast.com\/product\/yoast-seo-wordpress\/ -->\n<title>Caixa de Pr\u00e9ssec Pl\u00e0 - 4 kg - Flor de Camp<\/title>\n<meta name=\"description\" content=\"Caixa Pr\u00e9ssec Pl\u00e0 4,5 kg, temporada d&#039;estiu: El paraguai\u00e0 \u00e9s un producte climat\u00e8ric, \u00e9s a dir, que madura despr\u00e9s de la collita...\" \/>\n<meta name=\"robots\" content=\"index, follow, max-snippet:-1, max-image-preview:large, max-video-preview:-1\" \/>\n<link rel=\"canonical\" href=\"https:\/\/flordecamp.com\/en\/product-2\/caixa-pressec-pla\/\" \/>\n<meta property=\"og:locale\" content=\"en_GB\" \/>\n<meta property=\"og:type\" content=\"article\" \/>\n<meta property=\"og:title\" content=\"Caixa de Pr\u00e9ssec Pl\u00e0 - 4 kg - Flor de Camp\" \/>\n<meta property=\"og:description\" content=\"Caixa Pr\u00e9ssec Pl\u00e0 4,5 kg, temporada d&#039;estiu: El paraguai\u00e0 \u00e9s un producte climat\u00e8ric, \u00e9s a dir, que madura despr\u00e9s de la collita...\" \/>\n<meta property=\"og:url\" content=\"https:\/\/flordecamp.com\/en\/product-2\/caixa-pressec-pla\/\" \/>\n<meta property=\"og:site_name\" content=\"Flor de Camp\" \/>\n<meta property=\"article:modified_time\" content=\"2025-09-15T09:03:42+00:00\" \/>\n<meta property=\"og:image\" content=\"https:\/\/flordecamp.com\/wp-content\/uploads\/2024\/05\/DSC_0178-paraguayo-e1751275199322.png\" \/>\n\t<meta property=\"og:image:width\" content=\"898\" \/>\n\t<meta property=\"og:image:height\" content=\"750\" \/>\n\t<meta property=\"og:image:type\" content=\"image\/png\" \/>\n<meta name=\"twitter:card\" content=\"summary_large_image\" \/>\n<meta name=\"twitter:label1\" content=\"Estimated reading time\" \/>\n\t<meta name=\"twitter:data1\" content=\"1 minute\" \/>\n<script type=\"application\/ld+json\" class=\"yoast-schema-graph\">{\"@context\":\"https:\\\/\\\/schema.org\",\"@graph\":[{\"@type\":\"WebPage\",\"@id\":\"https:\\\/\\\/flordecamp.com\\\/producte\\\/caixa-pressec-pla\\\/\",\"url\":\"https:\\\/\\\/flordecamp.com\\\/producte\\\/caixa-pressec-pla\\\/\",\"name\":\"Caixa de Pr\u00e9ssec Pl\u00e0 - 4 kg - Flor de Camp\",\"isPartOf\":{\"@id\":\"https:\\\/\\\/flordecamp.com\\\/#website\"},\"primaryImageOfPage\":{\"@id\":\"https:\\\/\\\/flordecamp.com\\\/producte\\\/caixa-pressec-pla\\\/#primaryimage\"},\"image\":{\"@id\":\"https:\\\/\\\/flordecamp.com\\\/producte\\\/caixa-pressec-pla\\\/#primaryimage\"},\"thumbnailUrl\":\"https:\\\/\\\/flordecamp.com\\\/wp-content\\\/uploads\\\/2024\\\/05\\\/DSC_0178-paraguayo-e1751275199322.png\",\"datePublished\":\"2024-05-10T12:56:21+00:00\",\"dateModified\":\"2025-09-15T09:03:42+00:00\",\"description\":\"Caixa Pr\u00e9ssec Pl\u00e0 4,5 kg, temporada d'estiu: El paraguai\u00e0 \u00e9s un producte climat\u00e8ric, \u00e9s a dir, que madura despr\u00e9s de la collita...\",\"breadcrumb\":{\"@id\":\"https:\\\/\\\/flordecamp.com\\\/producte\\\/caixa-pressec-pla\\\/#breadcrumb\"},\"inLanguage\":\"en-GB\",\"potentialAction\":[{\"@type\":\"ReadAction\",\"target\":[\"https:\\\/\\\/flordecamp.com\\\/producte\\\/caixa-pressec-pla\\\/\"]}]},{\"@type\":\"ImageObject\",\"inLanguage\":\"en-GB\",\"@id\":\"https:\\\/\\\/flordecamp.com\\\/producte\\\/caixa-pressec-pla\\\/#primaryimage\",\"url\":\"https:\\\/\\\/flordecamp.com\\\/wp-content\\\/uploads\\\/2024\\\/05\\\/DSC_0178-paraguayo-e1751275199322.png\",\"contentUrl\":\"https:\\\/\\\/flordecamp.com\\\/wp-content\\\/uploads\\\/2024\\\/05\\\/DSC_0178-paraguayo-e1751275199322.png\",\"width\":898,\"height\":750,\"caption\":\"Fotografia d'una caixa de pr\u00e9ssecs plans amb l'etiqueta de Flor de Camp, Ribera d'Ebre.\"},{\"@type\":\"BreadcrumbList\",\"@id\":\"https:\\\/\\\/flordecamp.com\\\/producte\\\/caixa-pressec-pla\\\/#breadcrumb\",\"itemListElement\":[{\"@type\":\"ListItem\",\"position\":1,\"name\":\"Inici\",\"item\":\"https:\\\/\\\/flordecamp.com\\\/\"},{\"@type\":\"ListItem\",\"position\":2,\"name\":\"Botiga\",\"item\":\"https:\\\/\\\/flordecamp.com\\\/botiga\\\/\"},{\"@type\":\"ListItem\",\"position\":3,\"name\":\"Caixa de Pr\u00e9ssec Pl\u00e0 &#8211; 4 kg\"}]},{\"@type\":\"WebSite\",\"@id\":\"https:\\\/\\\/flordecamp.com\\\/#website\",\"url\":\"https:\\\/\\\/flordecamp.com\\\/\",\"name\":\"Flor de Camp\",\"description\":\"Agricultura sostenible a la Ribera d&#039;Ebre\",\"potentialAction\":[{\"@type\":\"SearchAction\",\"target\":{\"@type\":\"EntryPoint\",\"urlTemplate\":\"https:\\\/\\\/flordecamp.com\\\/?s={search_term_string}\"},\"query-input\":{\"@type\":\"PropertyValueSpecification\",\"valueRequired\":true,\"valueName\":\"search_term_string\"}}],\"inLanguage\":\"en-GB\"}]}<\/script>\n<!-- \/ Yoast SEO plugin. -->","yoast_head_json":{"title":"Caixa de Pr\u00e9ssec Pl\u00e0 - 4 kg - Flor de Camp","description":"Caixa Pr\u00e9ssec Pl\u00e0 4,5 kg, temporada d'estiu: El paraguai\u00e0 \u00e9s un producte climat\u00e8ric, \u00e9s a dir, que madura despr\u00e9s de la collita...","robots":{"index":"index","follow":"follow","max-snippet":"max-snippet:-1","max-image-preview":"max-image-preview:large","max-video-preview":"max-video-preview:-1"},"canonical":"https:\/\/flordecamp.com\/en\/product-2\/caixa-pressec-pla\/","og_locale":"en_GB","og_type":"article","og_title":"Caixa de Pr\u00e9ssec Pl\u00e0 - 4 kg - Flor de Camp","og_description":"Caixa Pr\u00e9ssec Pl\u00e0 4,5 kg, temporada d'estiu: El paraguai\u00e0 \u00e9s un producte climat\u00e8ric, \u00e9s a dir, que madura despr\u00e9s de la collita...","og_url":"https:\/\/flordecamp.com\/en\/product-2\/caixa-pressec-pla\/","og_site_name":"Flor de Camp","article_modified_time":"2025-09-15T09:03:42+00:00","og_image":[{"width":898,"height":750,"url":"https:\/\/flordecamp.com\/wp-content\/uploads\/2024\/05\/DSC_0178-paraguayo-e1751275199322.png","type":"image\/png"}],"twitter_card":"summary_large_image","twitter_misc":{"Estimated reading time":"1 minute"},"schema":{"@context":"https:\/\/schema.org","@graph":[{"@type":"WebPage","@id":"https:\/\/flordecamp.com\/producte\/caixa-pressec-pla\/","url":"https:\/\/flordecamp.com\/producte\/caixa-pressec-pla\/","name":"Caixa de Pr\u00e9ssec Pl\u00e0 - 4 kg - Flor de Camp","isPartOf":{"@id":"https:\/\/flordecamp.com\/#website"},"primaryImageOfPage":{"@id":"https:\/\/flordecamp.com\/producte\/caixa-pressec-pla\/#primaryimage"},"image":{"@id":"https:\/\/flordecamp.com\/producte\/caixa-pressec-pla\/#primaryimage"},"thumbnailUrl":"https:\/\/flordecamp.com\/wp-content\/uploads\/2024\/05\/DSC_0178-paraguayo-e1751275199322.png","datePublished":"2024-05-10T12:56:21+00:00","dateModified":"2025-09-15T09:03:42+00:00","description":"Caixa Pr\u00e9ssec Pl\u00e0 4,5 kg, temporada d'estiu: El paraguai\u00e0 \u00e9s un producte climat\u00e8ric, \u00e9s a dir, que madura despr\u00e9s de la collita...","breadcrumb":{"@id":"https:\/\/flordecamp.com\/producte\/caixa-pressec-pla\/#breadcrumb"},"inLanguage":"en-GB","potentialAction":[{"@type":"ReadAction","target":["https:\/\/flordecamp.com\/producte\/caixa-pressec-pla\/"]}]},{"@type":"ImageObject","inLanguage":"en-GB","@id":"https:\/\/flordecamp.com\/producte\/caixa-pressec-pla\/#primaryimage","url":"https:\/\/flordecamp.com\/wp-content\/uploads\/2024\/05\/DSC_0178-paraguayo-e1751275199322.png","contentUrl":"https:\/\/flordecamp.com\/wp-content\/uploads\/2024\/05\/DSC_0178-paraguayo-e1751275199322.png","width":898,"height":750,"caption":"Fotografia d'una caixa de pr\u00e9ssecs plans amb l'etiqueta de Flor de Camp, Ribera d'Ebre."},{"@type":"BreadcrumbList","@id":"https:\/\/flordecamp.com\/producte\/caixa-pressec-pla\/#breadcrumb","itemListElement":[{"@type":"ListItem","position":1,"name":"Inici","item":"https:\/\/flordecamp.com\/"},{"@type":"ListItem","position":2,"name":"Botiga","item":"https:\/\/flordecamp.com\/botiga\/"},{"@type":"ListItem","position":3,"name":"Caixa de Pr\u00e9ssec Pl\u00e0 &#8211; 4 kg"}]},{"@type":"WebSite","@id":"https:\/\/flordecamp.com\/#website","url":"https:\/\/flordecamp.com\/","name":"Flor de Camp","description":"Agricultura sostenible a la Ribera d&#039;Ebre","potentialAction":[{"@type":"SearchAction","target":{"@type":"EntryPoint","urlTemplate":"https:\/\/flordecamp.com\/?s={search_term_string}"},"query-input":{"@type":"PropertyValueSpecification","valueRequired":true,"valueName":"search_term_string"}}],"inLanguage":"en-GB"}]}},"_links":{"self":[{"href":"https:\/\/flordecamp.com\/en\/wp-json\/wp\/v2\/product\/4033","targetHints":{"allow":["GET"]}}],"collection":[{"href":"https:\/\/flordecamp.com\/en\/wp-json\/wp\/v2\/product"}],"about":[{"href":"https:\/\/flordecamp.com\/en\/wp-json\/wp\/v2\/types\/product"}],"wp:featuredmedia":[{"embeddable":true,"href":"https:\/\/flordecamp.com\/en\/wp-json\/wp\/v2\/media\/4320"}],"wp:attachment":[{"href":"https:\/\/flordecamp.com\/en\/wp-json\/wp\/v2\/media?parent=4033"}],"wp:term":[{"taxonomy":"product_brand","embeddable":true,"href":"https:\/\/flordecamp.com\/en\/wp-json\/wp\/v2\/product_brand?post=4033"},{"taxonomy":"product_cat","embeddable":true,"href":"https:\/\/flordecamp.com\/en\/wp-json\/wp\/v2\/product_cat?post=4033"},{"taxonomy":"product_tag","embeddable":true,"href":"https:\/\/flordecamp.com\/en\/wp-json\/wp\/v2\/product_tag?post=4033"}],"curies":[{"name":"wp","href":"https:\/\/api.w.org\/{rel}","templated":true}]}}