{"id":4029,"date":"2024-05-10T14:47:02","date_gmt":"2024-05-10T12:47:02","guid":{"rendered":"https:\/\/flordecamp.com\/?post_type=product&#038;p=4029"},"modified":"2025-08-19T14:25:24","modified_gmt":"2025-08-19T12:25:24","slug":"caixa-pressec-roig","status":"publish","type":"product","link":"https:\/\/flordecamp.com\/en\/producte\/caixa-pressec-roig\/","title":{"rendered":"Caixa de Pr\u00e9ssec &#8211; 4 kg"},"content":{"rendered":"","protected":false},"excerpt":{"rendered":"<p>&nbsp;<\/p>\n<p><strong>Pr\u00e9ssec \/ auberge de la Ribera d&#8217;Ebre<\/strong><\/p>\n<p><strong>Color de la polpa:<\/strong> groc intens o blanc brillant.<\/p>\n<p><strong>Format de la caixa:<\/strong> 4 Kg<\/p>\n<p>A la Xina \u00e9s coneguda com la fruita de la immortalitat pel seu contingut en vitamines A, C, B1, B2 i B6, minerals (potassi, f\u00f2sfor, magnesi, calci, sofre, clor, mangan\u00e8s, coure i ferro), i betacarotens.<br \/>\nEl seu alt contingut en vitamina A ajuda a mantenir una pell saludable i redueix la inflamaci\u00f3, refor\u00e7ant el sistema immunitari.<br \/>\nLa vitamina C que contenen els pr\u00e9ssecs redueix els danys oxidatius dels radicals lliures i el risc de desenvolupar diverses malalties cr\u00f2niques.<br \/>\nEls pr\u00e9ssecs tenen potassi que ajuda a reduir la pressi\u00f3 sangu\u00ednia i regula els nivells de sucre en la sang.<br \/>\nUn pr\u00e9ssec mitj\u00e0 t\u00e9 3 grams de fibra, essencial per a la salut en general.<\/p>\n<p><strong>Nutritional values per 100 g of product<\/strong><\/p>\n<ul>\n<li><strong>Calories<\/strong>: 39 g<\/li>\n<li><strong>Prote\u00efnes<\/strong>: 0,6 g<\/li>\n<li><strong>Hidrats de carboni<\/strong>: 9 g<\/li>\n<li><strong>Fibra<\/strong>: 1,9 g<\/li>\n<li><strong>Aigua<\/strong>: 89 g<\/li>\n<\/ul>","protected":false},"featured_media":4311,"template":"","meta":[],"product_brand":[],"product_cat":[45],"product_tag":[],"class_list":{"0":"post-4029","1":"product","2":"type-product","3":"status-publish","4":"has-post-thumbnail","6":"product_cat-temporada-destiu","8":"first","9":"outofstock","10":"taxable","11":"shipping-taxable","12":"purchasable","13":"product-type-simple"},"yoast_head":"<!-- This site is optimized with the Yoast SEO plugin v27.4 - https:\/\/yoast.com\/product\/yoast-seo-wordpress\/ -->\n<title>Caixa de Pr\u00e9ssec - 4 kg - Flor de Camp<\/title>\n<meta name=\"description\" content=\"Caixa de Pr\u00e9ssec Roig, temporada d&#039;estiu: A la Xina \u00e9s coneguda com la fruita de la immortalitat pel seu contingut en vitamines A...\" \/>\n<meta name=\"robots\" content=\"index, follow, max-snippet:-1, max-image-preview:large, max-video-preview:-1\" \/>\n<link rel=\"canonical\" href=\"https:\/\/flordecamp.com\/en\/product-2\/caixa-pressec-roig\/\" \/>\n<meta property=\"og:locale\" content=\"en_GB\" \/>\n<meta property=\"og:type\" content=\"article\" \/>\n<meta property=\"og:title\" content=\"Caixa de Pr\u00e9ssec - 4 kg - Flor de Camp\" \/>\n<meta property=\"og:description\" content=\"Caixa de Pr\u00e9ssec Roig, temporada d&#039;estiu: A la Xina \u00e9s coneguda com la fruita de la immortalitat pel seu contingut en vitamines A...\" \/>\n<meta property=\"og:url\" content=\"https:\/\/flordecamp.com\/en\/product-2\/caixa-pressec-roig\/\" \/>\n<meta property=\"og:site_name\" content=\"Flor de Camp\" \/>\n<meta property=\"article:modified_time\" content=\"2025-08-19T12:25:24+00:00\" \/>\n<meta property=\"og:image\" content=\"https:\/\/flordecamp.com\/wp-content\/uploads\/2024\/05\/DSC_0126-auberge-e1751274414214.png\" \/>\n\t<meta property=\"og:image:width\" content=\"810\" \/>\n\t<meta property=\"og:image:height\" content=\"695\" \/>\n\t<meta property=\"og:image:type\" content=\"image\/png\" \/>\n<meta name=\"twitter:card\" content=\"summary_large_image\" \/>\n<meta name=\"twitter:label1\" content=\"Estimated reading time\" \/>\n\t<meta name=\"twitter:data1\" content=\"1 minute\" \/>\n<script type=\"application\/ld+json\" class=\"yoast-schema-graph\">{\"@context\":\"https:\\\/\\\/schema.org\",\"@graph\":[{\"@type\":\"WebPage\",\"@id\":\"https:\\\/\\\/flordecamp.com\\\/producte\\\/caixa-pressec-roig\\\/\",\"url\":\"https:\\\/\\\/flordecamp.com\\\/producte\\\/caixa-pressec-roig\\\/\",\"name\":\"Caixa de Pr\u00e9ssec - 4 kg - Flor de Camp\",\"isPartOf\":{\"@id\":\"https:\\\/\\\/flordecamp.com\\\/#website\"},\"primaryImageOfPage\":{\"@id\":\"https:\\\/\\\/flordecamp.com\\\/producte\\\/caixa-pressec-roig\\\/#primaryimage\"},\"image\":{\"@id\":\"https:\\\/\\\/flordecamp.com\\\/producte\\\/caixa-pressec-roig\\\/#primaryimage\"},\"thumbnailUrl\":\"https:\\\/\\\/flordecamp.com\\\/wp-content\\\/uploads\\\/2024\\\/05\\\/DSC_0126-auberge-e1751274414214.png\",\"datePublished\":\"2024-05-10T12:47:02+00:00\",\"dateModified\":\"2025-08-19T12:25:24+00:00\",\"description\":\"Caixa de Pr\u00e9ssec Roig, temporada d'estiu: A la Xina \u00e9s coneguda com la fruita de la immortalitat pel seu contingut en vitamines A...\",\"breadcrumb\":{\"@id\":\"https:\\\/\\\/flordecamp.com\\\/producte\\\/caixa-pressec-roig\\\/#breadcrumb\"},\"inLanguage\":\"en-GB\",\"potentialAction\":[{\"@type\":\"ReadAction\",\"target\":[\"https:\\\/\\\/flordecamp.com\\\/producte\\\/caixa-pressec-roig\\\/\"]}]},{\"@type\":\"ImageObject\",\"inLanguage\":\"en-GB\",\"@id\":\"https:\\\/\\\/flordecamp.com\\\/producte\\\/caixa-pressec-roig\\\/#primaryimage\",\"url\":\"https:\\\/\\\/flordecamp.com\\\/wp-content\\\/uploads\\\/2024\\\/05\\\/DSC_0126-auberge-e1751274414214.png\",\"contentUrl\":\"https:\\\/\\\/flordecamp.com\\\/wp-content\\\/uploads\\\/2024\\\/05\\\/DSC_0126-auberge-e1751274414214.png\",\"width\":810,\"height\":695,\"caption\":\"Fotografia d'una caixa de pr\u00e9ssecs rojos amb l'etiqueta de Flor de Camp, Ribera d'Ebre.\"},{\"@type\":\"BreadcrumbList\",\"@id\":\"https:\\\/\\\/flordecamp.com\\\/producte\\\/caixa-pressec-roig\\\/#breadcrumb\",\"itemListElement\":[{\"@type\":\"ListItem\",\"position\":1,\"name\":\"Inici\",\"item\":\"https:\\\/\\\/flordecamp.com\\\/\"},{\"@type\":\"ListItem\",\"position\":2,\"name\":\"Botiga\",\"item\":\"https:\\\/\\\/flordecamp.com\\\/botiga\\\/\"},{\"@type\":\"ListItem\",\"position\":3,\"name\":\"Caixa de Pr\u00e9ssec &#8211; 4 kg\"}]},{\"@type\":\"WebSite\",\"@id\":\"https:\\\/\\\/flordecamp.com\\\/#website\",\"url\":\"https:\\\/\\\/flordecamp.com\\\/\",\"name\":\"Flor de Camp\",\"description\":\"Agricultura sostenible a la Ribera d&#039;Ebre\",\"potentialAction\":[{\"@type\":\"SearchAction\",\"target\":{\"@type\":\"EntryPoint\",\"urlTemplate\":\"https:\\\/\\\/flordecamp.com\\\/?s={search_term_string}\"},\"query-input\":{\"@type\":\"PropertyValueSpecification\",\"valueRequired\":true,\"valueName\":\"search_term_string\"}}],\"inLanguage\":\"en-GB\"}]}<\/script>\n<!-- \/ Yoast SEO plugin. -->","yoast_head_json":{"title":"Caixa de Pr\u00e9ssec - 4 kg - Flor de Camp","description":"Caixa de Pr\u00e9ssec Roig, temporada d'estiu: A la Xina \u00e9s coneguda com la fruita de la immortalitat pel seu contingut en vitamines A...","robots":{"index":"index","follow":"follow","max-snippet":"max-snippet:-1","max-image-preview":"max-image-preview:large","max-video-preview":"max-video-preview:-1"},"canonical":"https:\/\/flordecamp.com\/en\/product-2\/caixa-pressec-roig\/","og_locale":"en_GB","og_type":"article","og_title":"Caixa de Pr\u00e9ssec - 4 kg - Flor de Camp","og_description":"Caixa de Pr\u00e9ssec Roig, temporada d'estiu: A la Xina \u00e9s coneguda com la fruita de la immortalitat pel seu contingut en vitamines A...","og_url":"https:\/\/flordecamp.com\/en\/product-2\/caixa-pressec-roig\/","og_site_name":"Flor de Camp","article_modified_time":"2025-08-19T12:25:24+00:00","og_image":[{"width":810,"height":695,"url":"https:\/\/flordecamp.com\/wp-content\/uploads\/2024\/05\/DSC_0126-auberge-e1751274414214.png","type":"image\/png"}],"twitter_card":"summary_large_image","twitter_misc":{"Estimated reading time":"1 minute"},"schema":{"@context":"https:\/\/schema.org","@graph":[{"@type":"WebPage","@id":"https:\/\/flordecamp.com\/producte\/caixa-pressec-roig\/","url":"https:\/\/flordecamp.com\/producte\/caixa-pressec-roig\/","name":"Caixa de Pr\u00e9ssec - 4 kg - Flor de Camp","isPartOf":{"@id":"https:\/\/flordecamp.com\/#website"},"primaryImageOfPage":{"@id":"https:\/\/flordecamp.com\/producte\/caixa-pressec-roig\/#primaryimage"},"image":{"@id":"https:\/\/flordecamp.com\/producte\/caixa-pressec-roig\/#primaryimage"},"thumbnailUrl":"https:\/\/flordecamp.com\/wp-content\/uploads\/2024\/05\/DSC_0126-auberge-e1751274414214.png","datePublished":"2024-05-10T12:47:02+00:00","dateModified":"2025-08-19T12:25:24+00:00","description":"Caixa de Pr\u00e9ssec Roig, temporada d'estiu: A la Xina \u00e9s coneguda com la fruita de la immortalitat pel seu contingut en vitamines A...","breadcrumb":{"@id":"https:\/\/flordecamp.com\/producte\/caixa-pressec-roig\/#breadcrumb"},"inLanguage":"en-GB","potentialAction":[{"@type":"ReadAction","target":["https:\/\/flordecamp.com\/producte\/caixa-pressec-roig\/"]}]},{"@type":"ImageObject","inLanguage":"en-GB","@id":"https:\/\/flordecamp.com\/producte\/caixa-pressec-roig\/#primaryimage","url":"https:\/\/flordecamp.com\/wp-content\/uploads\/2024\/05\/DSC_0126-auberge-e1751274414214.png","contentUrl":"https:\/\/flordecamp.com\/wp-content\/uploads\/2024\/05\/DSC_0126-auberge-e1751274414214.png","width":810,"height":695,"caption":"Fotografia d'una caixa de pr\u00e9ssecs rojos amb l'etiqueta de Flor de Camp, Ribera d'Ebre."},{"@type":"BreadcrumbList","@id":"https:\/\/flordecamp.com\/producte\/caixa-pressec-roig\/#breadcrumb","itemListElement":[{"@type":"ListItem","position":1,"name":"Inici","item":"https:\/\/flordecamp.com\/"},{"@type":"ListItem","position":2,"name":"Botiga","item":"https:\/\/flordecamp.com\/botiga\/"},{"@type":"ListItem","position":3,"name":"Caixa de Pr\u00e9ssec &#8211; 4 kg"}]},{"@type":"WebSite","@id":"https:\/\/flordecamp.com\/#website","url":"https:\/\/flordecamp.com\/","name":"Flor de Camp","description":"Agricultura sostenible a la Ribera d&#039;Ebre","potentialAction":[{"@type":"SearchAction","target":{"@type":"EntryPoint","urlTemplate":"https:\/\/flordecamp.com\/?s={search_term_string}"},"query-input":{"@type":"PropertyValueSpecification","valueRequired":true,"valueName":"search_term_string"}}],"inLanguage":"en-GB"}]}},"_links":{"self":[{"href":"https:\/\/flordecamp.com\/en\/wp-json\/wp\/v2\/product\/4029","targetHints":{"allow":["GET"]}}],"collection":[{"href":"https:\/\/flordecamp.com\/en\/wp-json\/wp\/v2\/product"}],"about":[{"href":"https:\/\/flordecamp.com\/en\/wp-json\/wp\/v2\/types\/product"}],"wp:featuredmedia":[{"embeddable":true,"href":"https:\/\/flordecamp.com\/en\/wp-json\/wp\/v2\/media\/4311"}],"wp:attachment":[{"href":"https:\/\/flordecamp.com\/en\/wp-json\/wp\/v2\/media?parent=4029"}],"wp:term":[{"taxonomy":"product_brand","embeddable":true,"href":"https:\/\/flordecamp.com\/en\/wp-json\/wp\/v2\/product_brand?post=4029"},{"taxonomy":"product_cat","embeddable":true,"href":"https:\/\/flordecamp.com\/en\/wp-json\/wp\/v2\/product_cat?post=4029"},{"taxonomy":"product_tag","embeddable":true,"href":"https:\/\/flordecamp.com\/en\/wp-json\/wp\/v2\/product_tag?post=4029"}],"curies":[{"name":"wp","href":"https:\/\/api.w.org\/{rel}","templated":true}]}}