{"id":4018,"date":"2024-05-10T14:30:03","date_gmt":"2024-05-10T12:30:03","guid":{"rendered":"https:\/\/flordecamp.com\/?post_type=product&#038;p=4018"},"modified":"2026-03-16T14:08:46","modified_gmt":"2026-03-16T13:08:46","slug":"manat-calcots","status":"publish","type":"product","link":"https:\/\/flordecamp.com\/en\/producte\/manat-calcots\/","title":{"rendered":"Manat de Cal\u00e7ots (25 unitats)"},"content":{"rendered":"","protected":false},"excerpt":{"rendered":"<p>Encara que es consumeix de manera diferent, el cal\u00e7ot t\u00e9 unes propietats similars a les de la ceba. Es tracta, per tant, d&#8217;un aliment amb poc contingut cal\u00f2ric, per\u00f2 ric en fibra, la qual cosa millora el tr\u00e0nsit intestinal.<br \/>\nEl seu alt contingut en aigua i les poques calories que cont\u00e9, fan del cal\u00e7ot un aliment idoni per a dietes destinades a la reducci\u00f3 de pes.<\/p>\n<p>Tamb\u00e9 tenen qualitats di\u00fcr\u00e8tiques, \u00e9s a dir, que afavoreixen l&#8217;expulsi\u00f3 de toxines i ajuden a controlar la retenci\u00f3 de l\u00edquids i a depurar el sistema renal.<br \/>\nEls cal\u00e7ots contenen flavonoides, un antioxidant benefici\u00f3s a l&#8217;hora de prevenir l&#8217;aparici\u00f3 de c\u00e0ncer, artritis i al\u00b7l\u00e8rgies.<\/p>\n<p><strong>Nutritional values per 100 g of product<\/strong><\/p>\n<ul>\n<li><strong>Calories<\/strong>: 32,7 g<\/li>\n<li><strong>Prote\u00efnes<\/strong>: 1,19 g<\/li>\n<li><strong>Hidrats de carboni<\/strong>: 7 g<\/li>\n<li><strong>Fibra<\/strong>: 1,8 g<\/li>\n<li><strong>Aigua<\/strong>: 90 g<\/li>\n<\/ul>","protected":false},"featured_media":4261,"template":"","meta":[],"product_brand":[],"product_cat":[44],"product_tag":[],"class_list":{"0":"post-4018","1":"product","2":"type-product","3":"status-publish","4":"has-post-thumbnail","6":"product_cat-temporada-dhivern","8":"first","9":"outofstock","10":"taxable","11":"shipping-taxable","12":"purchasable","13":"product-type-simple"},"yoast_head":"<!-- This site is optimized with the Yoast SEO plugin v27.4 - https:\/\/yoast.com\/product\/yoast-seo-wordpress\/ -->\n<title>Manat de Cal\u00e7ots (25 unitats) - Flor de Camp<\/title>\n<meta name=\"description\" content=\"Manat de cal\u00e7ots, temporada d&#039;hivern: Encara que es consumeix de manera diferent, el cal\u00e7ot t\u00e9 unes propietats similars a les de la ceba. Es tracta...\" \/>\n<meta name=\"robots\" content=\"index, follow, max-snippet:-1, max-image-preview:large, max-video-preview:-1\" \/>\n<link rel=\"canonical\" href=\"https:\/\/flordecamp.com\/en\/product-2\/manat-calcots\/\" \/>\n<meta property=\"og:locale\" content=\"en_GB\" \/>\n<meta property=\"og:type\" content=\"article\" \/>\n<meta property=\"og:title\" content=\"Manat de Cal\u00e7ots (25 unitats) - Flor de Camp\" \/>\n<meta property=\"og:description\" content=\"Manat de cal\u00e7ots, temporada d&#039;hivern: Encara que es consumeix de manera diferent, el cal\u00e7ot t\u00e9 unes propietats similars a les de la ceba. Es tracta...\" \/>\n<meta property=\"og:url\" content=\"https:\/\/flordecamp.com\/en\/product-2\/manat-calcots\/\" \/>\n<meta property=\"og:site_name\" content=\"Flor de Camp\" \/>\n<meta property=\"article:modified_time\" content=\"2026-03-16T13:08:46+00:00\" \/>\n<meta property=\"og:image\" content=\"https:\/\/flordecamp.com\/wp-content\/uploads\/2024\/05\/DSC_0292.jpg\" \/>\n\t<meta property=\"og:image:width\" content=\"1200\" \/>\n\t<meta property=\"og:image:height\" content=\"800\" \/>\n\t<meta property=\"og:image:type\" content=\"image\/jpeg\" \/>\n<meta name=\"twitter:card\" content=\"summary_large_image\" \/>\n<meta name=\"twitter:label1\" content=\"Estimated reading time\" \/>\n\t<meta name=\"twitter:data1\" content=\"1 minute\" \/>\n<script type=\"application\/ld+json\" class=\"yoast-schema-graph\">{\"@context\":\"https:\\\/\\\/schema.org\",\"@graph\":[{\"@type\":\"WebPage\",\"@id\":\"https:\\\/\\\/flordecamp.com\\\/producte\\\/manat-calcots\\\/\",\"url\":\"https:\\\/\\\/flordecamp.com\\\/producte\\\/manat-calcots\\\/\",\"name\":\"Manat de Cal\u00e7ots (25 unitats) - Flor de Camp\",\"isPartOf\":{\"@id\":\"https:\\\/\\\/flordecamp.com\\\/#website\"},\"primaryImageOfPage\":{\"@id\":\"https:\\\/\\\/flordecamp.com\\\/producte\\\/manat-calcots\\\/#primaryimage\"},\"image\":{\"@id\":\"https:\\\/\\\/flordecamp.com\\\/producte\\\/manat-calcots\\\/#primaryimage\"},\"thumbnailUrl\":\"https:\\\/\\\/flordecamp.com\\\/wp-content\\\/uploads\\\/2024\\\/05\\\/DSC_0292.jpg\",\"datePublished\":\"2024-05-10T12:30:03+00:00\",\"dateModified\":\"2026-03-16T13:08:46+00:00\",\"description\":\"Manat de cal\u00e7ots, temporada d'hivern: Encara que es consumeix de manera diferent, el cal\u00e7ot t\u00e9 unes propietats similars a les de la ceba. Es tracta...\",\"breadcrumb\":{\"@id\":\"https:\\\/\\\/flordecamp.com\\\/producte\\\/manat-calcots\\\/#breadcrumb\"},\"inLanguage\":\"en-GB\",\"potentialAction\":[{\"@type\":\"ReadAction\",\"target\":[\"https:\\\/\\\/flordecamp.com\\\/producte\\\/manat-calcots\\\/\"]}]},{\"@type\":\"ImageObject\",\"inLanguage\":\"en-GB\",\"@id\":\"https:\\\/\\\/flordecamp.com\\\/producte\\\/manat-calcots\\\/#primaryimage\",\"url\":\"https:\\\/\\\/flordecamp.com\\\/wp-content\\\/uploads\\\/2024\\\/05\\\/DSC_0292.jpg\",\"contentUrl\":\"https:\\\/\\\/flordecamp.com\\\/wp-content\\\/uploads\\\/2024\\\/05\\\/DSC_0292.jpg\",\"width\":1200,\"height\":800,\"caption\":\"Manats de cal\u00e7ots Flor de camp a la mateixa finca on s'han collit i on es poden observar les seves respectives etiquetes.\"},{\"@type\":\"BreadcrumbList\",\"@id\":\"https:\\\/\\\/flordecamp.com\\\/producte\\\/manat-calcots\\\/#breadcrumb\",\"itemListElement\":[{\"@type\":\"ListItem\",\"position\":1,\"name\":\"Inici\",\"item\":\"https:\\\/\\\/flordecamp.com\\\/\"},{\"@type\":\"ListItem\",\"position\":2,\"name\":\"Botiga\",\"item\":\"https:\\\/\\\/flordecamp.com\\\/botiga\\\/\"},{\"@type\":\"ListItem\",\"position\":3,\"name\":\"Manat de Cal\u00e7ots (25 unitats)\"}]},{\"@type\":\"WebSite\",\"@id\":\"https:\\\/\\\/flordecamp.com\\\/#website\",\"url\":\"https:\\\/\\\/flordecamp.com\\\/\",\"name\":\"Flor de Camp\",\"description\":\"Agricultura sostenible a la Ribera d&#039;Ebre\",\"potentialAction\":[{\"@type\":\"SearchAction\",\"target\":{\"@type\":\"EntryPoint\",\"urlTemplate\":\"https:\\\/\\\/flordecamp.com\\\/?s={search_term_string}\"},\"query-input\":{\"@type\":\"PropertyValueSpecification\",\"valueRequired\":true,\"valueName\":\"search_term_string\"}}],\"inLanguage\":\"en-GB\"}]}<\/script>\n<!-- \/ Yoast SEO plugin. -->","yoast_head_json":{"title":"Manat de Cal\u00e7ots (25 unitats) - Flor de Camp","description":"Manat de cal\u00e7ots, temporada d'hivern: Encara que es consumeix de manera diferent, el cal\u00e7ot t\u00e9 unes propietats similars a les de la ceba. Es tracta...","robots":{"index":"index","follow":"follow","max-snippet":"max-snippet:-1","max-image-preview":"max-image-preview:large","max-video-preview":"max-video-preview:-1"},"canonical":"https:\/\/flordecamp.com\/en\/product-2\/manat-calcots\/","og_locale":"en_GB","og_type":"article","og_title":"Manat de Cal\u00e7ots (25 unitats) - Flor de Camp","og_description":"Manat de cal\u00e7ots, temporada d'hivern: Encara que es consumeix de manera diferent, el cal\u00e7ot t\u00e9 unes propietats similars a les de la ceba. Es tracta...","og_url":"https:\/\/flordecamp.com\/en\/product-2\/manat-calcots\/","og_site_name":"Flor de Camp","article_modified_time":"2026-03-16T13:08:46+00:00","og_image":[{"width":1200,"height":800,"url":"https:\/\/flordecamp.com\/wp-content\/uploads\/2024\/05\/DSC_0292.jpg","type":"image\/jpeg"}],"twitter_card":"summary_large_image","twitter_misc":{"Estimated reading time":"1 minute"},"schema":{"@context":"https:\/\/schema.org","@graph":[{"@type":"WebPage","@id":"https:\/\/flordecamp.com\/producte\/manat-calcots\/","url":"https:\/\/flordecamp.com\/producte\/manat-calcots\/","name":"Manat de Cal\u00e7ots (25 unitats) - Flor de Camp","isPartOf":{"@id":"https:\/\/flordecamp.com\/#website"},"primaryImageOfPage":{"@id":"https:\/\/flordecamp.com\/producte\/manat-calcots\/#primaryimage"},"image":{"@id":"https:\/\/flordecamp.com\/producte\/manat-calcots\/#primaryimage"},"thumbnailUrl":"https:\/\/flordecamp.com\/wp-content\/uploads\/2024\/05\/DSC_0292.jpg","datePublished":"2024-05-10T12:30:03+00:00","dateModified":"2026-03-16T13:08:46+00:00","description":"Manat de cal\u00e7ots, temporada d'hivern: Encara que es consumeix de manera diferent, el cal\u00e7ot t\u00e9 unes propietats similars a les de la ceba. Es tracta...","breadcrumb":{"@id":"https:\/\/flordecamp.com\/producte\/manat-calcots\/#breadcrumb"},"inLanguage":"en-GB","potentialAction":[{"@type":"ReadAction","target":["https:\/\/flordecamp.com\/producte\/manat-calcots\/"]}]},{"@type":"ImageObject","inLanguage":"en-GB","@id":"https:\/\/flordecamp.com\/producte\/manat-calcots\/#primaryimage","url":"https:\/\/flordecamp.com\/wp-content\/uploads\/2024\/05\/DSC_0292.jpg","contentUrl":"https:\/\/flordecamp.com\/wp-content\/uploads\/2024\/05\/DSC_0292.jpg","width":1200,"height":800,"caption":"Manats de cal\u00e7ots Flor de camp a la mateixa finca on s'han collit i on es poden observar les seves respectives etiquetes."},{"@type":"BreadcrumbList","@id":"https:\/\/flordecamp.com\/producte\/manat-calcots\/#breadcrumb","itemListElement":[{"@type":"ListItem","position":1,"name":"Inici","item":"https:\/\/flordecamp.com\/"},{"@type":"ListItem","position":2,"name":"Botiga","item":"https:\/\/flordecamp.com\/botiga\/"},{"@type":"ListItem","position":3,"name":"Manat de Cal\u00e7ots (25 unitats)"}]},{"@type":"WebSite","@id":"https:\/\/flordecamp.com\/#website","url":"https:\/\/flordecamp.com\/","name":"Flor de Camp","description":"Agricultura sostenible a la Ribera d&#039;Ebre","potentialAction":[{"@type":"SearchAction","target":{"@type":"EntryPoint","urlTemplate":"https:\/\/flordecamp.com\/?s={search_term_string}"},"query-input":{"@type":"PropertyValueSpecification","valueRequired":true,"valueName":"search_term_string"}}],"inLanguage":"en-GB"}]}},"_links":{"self":[{"href":"https:\/\/flordecamp.com\/en\/wp-json\/wp\/v2\/product\/4018","targetHints":{"allow":["GET"]}}],"collection":[{"href":"https:\/\/flordecamp.com\/en\/wp-json\/wp\/v2\/product"}],"about":[{"href":"https:\/\/flordecamp.com\/en\/wp-json\/wp\/v2\/types\/product"}],"wp:featuredmedia":[{"embeddable":true,"href":"https:\/\/flordecamp.com\/en\/wp-json\/wp\/v2\/media\/4261"}],"wp:attachment":[{"href":"https:\/\/flordecamp.com\/en\/wp-json\/wp\/v2\/media?parent=4018"}],"wp:term":[{"taxonomy":"product_brand","embeddable":true,"href":"https:\/\/flordecamp.com\/en\/wp-json\/wp\/v2\/product_brand?post=4018"},{"taxonomy":"product_cat","embeddable":true,"href":"https:\/\/flordecamp.com\/en\/wp-json\/wp\/v2\/product_cat?post=4018"},{"taxonomy":"product_tag","embeddable":true,"href":"https:\/\/flordecamp.com\/en\/wp-json\/wp\/v2\/product_tag?post=4018"}],"curies":[{"name":"wp","href":"https:\/\/api.w.org\/{rel}","templated":true}]}}