{"id":4220,"date":"2024-06-28T07:16:54","date_gmt":"2024-06-28T05:16:54","guid":{"rendered":"https:\/\/flordecamp.com\/?page_id=4220"},"modified":"2024-06-28T07:18:49","modified_gmt":"2024-06-28T05:18:49","slug":"condicions-de-compra","status":"publish","type":"page","link":"https:\/\/flordecamp.com\/en\/condicions-de-compra\/","title":{"rendered":"Condicions de compra"},"content":{"rendered":"<ol>\n<li><strong>Cobertura geogr\u00e0fica:<\/strong><\/li>\n<\/ol>\n<p>Els productes que s\u2019ofereixen mitjan\u00e7ant aquesta p\u00e0gina web estan \u00fanicament disponibles a territori espanyol; exceptuant illes Balears, illes Can\u00e0ries, Ceuta i Melilla.<\/p>\n<p>&nbsp;<\/p>\n<ol start=\"2\">\n<li><strong>Com es realitza una comanda?<\/strong><\/li>\n<\/ol>\n<p>El procediment de compra es realitza de forma completament electr\u00f2nica mitjan\u00e7ant la p\u00e0gina web, accedint a l\u2019apartat de botiga i seleccionant el\/s producte\/s, tot clicant sobre la cistella de compra.<\/p>\n<p>La quantitat m\u00ednima de compra \u00e9s 1 caixa en el cas de la fruita dol\u00e7a i 1 manat en el cas dels cal\u00e7ots.<\/p>\n<p>Tots els \u00edtems inclosos en la cistella podran ser eliminats si l\u2019usuari finalment no desitg\u00e9s adquirir-los, abans de realitzar el pagament.<\/p>\n<p>Per realitzar la compra ser\u00e0 necessari que l\u2019usuari faciliti una s\u00e8rie de dades personals considerades essencials per al control, facturaci\u00f3 i enviament de les comandes.<\/p>\n<p>A continuaci\u00f3, l\u2019usuari haur\u00e0 de triar la forma de pagament desitjada (targeta de cr\u00e8dit o d\u00e8bit o mitjan\u00e7ant la plataforma Paypal).<\/p>\n<p>Finalment i un cop realitzada la compra, l\u2019Usuari rebr\u00e0 un primer correu electr\u00f2nic amb la informaci\u00f3 de la compra i un segon per confirmar l\u2019enviament de la comanda.<\/p>\n<p>&nbsp;<\/p>\n<ol start=\"3\">\n<li><strong>Lliurament<\/strong><\/li>\n<\/ol>\n<p>El cost de l\u2019enviament no est\u00e0 incl\u00f2s al preu i varia en funci\u00f3 del pes de cada comanda i del dest\u00ed.<\/p>\n<p>En cas de desitjar-ho, l\u2019usuari es pot estalviar el cost d\u2019enviament si escull venir a recollir la seva comanda a una de les nostres plantes:<\/p>\n<p>Planta de M\u00f3ra d\u2019Ebre &gt;\u00a0 Pol. Ind. La Verdeguera Nau 1A, 43740, M\u00f3ra d\u2019Ebre, Tarragona.<\/p>\n<p>Planta Vinebre &gt; Ctra. T-714 La Torre de l\u2019Espanyol, km 13 (nau Uni\u00f3 Fruits), 43792, Vinebre, Tarragona<\/p>\n<p><strong>\u00a0<\/strong><\/p>\n<ol start=\"4\">\n<li><strong>Termini de lliurament<\/strong><\/li>\n<\/ol>\n<p>Les comandes estaran preparades en funci\u00f3 del sistema de lliurament escollit:<\/p>\n<p>&nbsp;<\/p>\n<ul>\n<li>Missatgeria&gt; 24 hores laborables.<\/li>\n<li>Planta de M\u00f3ra d\u2019Ebre&gt; 24 hores laborables.<\/li>\n<li>Planta de Vinebre&gt; 3 hores laborables.<\/li>\n<\/ul>\n<p>&nbsp;<\/p>\n<p>Per garantir la qualitat dels nostres productes i complint amb el terminis de lliurament citat, les comandes realitzades entre divendres i diumenge, es prepararan per entregar ja sigui a l\u2019usuari o a l\u2019empresa de missatgeria el dilluns seg\u00fcent. En el cas d\u2019entregar-se en una missatgeria, l\u2019usuari rebr\u00e0 la comanda el seg\u00fcent dimarts.<\/p>\n<p>&nbsp;<\/p>\n<ol start=\"5\">\n<li><strong>Incid\u00e8ncies en el lliurament del producte mitjan\u00e7ant empresa de missatgeria<\/strong><\/li>\n<\/ol>\n<p>El nostre proc\u00e9s de selecci\u00f3 i envasat de la fruita \u00e9s molt estricte. Per aquesta ra\u00f3 procurem que els enviaments es realitzin sense defectes i\/o incid\u00e8ncies. En el cas d\u2019haver-hi incid\u00e8ncies, el client es compromet a seguir les indicacions seg\u00fcents:<\/p>\n<ul>\n<li>Verificar que els precintes que tanquen la seva caixa no hagin estat modificats o danyats.<\/li>\n<li>En el moment de la recepci\u00f3 de la caixa, si aquesta est\u00e0 en mal estat, oberta i\/o manipulada, negar-se a acceptar la comanda i immediatament tornar-la al transportista. En cas contrari, Flor de camp no es far\u00e0 c\u00e0rrec d\u2019aquesta incid\u00e8ncia.<\/li>\n<li>Per gestionar la reclamaci\u00f3 per mal estat de la caixa, s\u2019haur\u00e0 d\u2019enviar un correu electr\u00f2nic a <a href=\"about:blank\">info@flordecamp.com<\/a> abans de 24 hores, indicant el seu nom, n\u00famero de comanda i explicant en detall el que ha passat. Sempre que es pugui adjuntant fotografies de la incid\u00e8ncia.<\/li>\n<li>Flor de camp no es far\u00e0 c\u00e0rrec de problemes en la qualitat del producte quan la fruita no s\u2019hagi entregat dins del termini establert per q\u00fcestions d\u2019abs\u00e8ncia al domicili del client o per adre\u00e7a err\u00f2nia.<\/li>\n<li>Quan no s\u2019hagi realitzat el lliurament pactat per part de l\u2019empresa de missatgeria, el client tindr\u00e0 24 hores per reclamar la seva comanda enviant un correu electr\u00f2nic a <a href=\"about:blank\">info@flordecamp.com<\/a>. Finalitzat aquest termini, Flor de camp no podr\u00e0 fer-se c\u00e0rrec de la possible incid\u00e8ncia.<\/li>\n<\/ul>","protected":false},"excerpt":{"rendered":"<p>Cobertura geogr\u00e0fica: Els productes que s\u2019ofereixen mitjan\u00e7ant aquesta p\u00e0gina web estan \u00fanicament &#8230;<\/p>","protected":false},"author":1,"featured_media":0,"parent":0,"menu_order":0,"comment_status":"closed","ping_status":"closed","template":"","meta":{"footnotes":""},"class_list":["post-4220","page","type-page","status-publish","hentry"],"yoast_head":"<!-- This site is optimized with the Yoast SEO plugin v27.4 - https:\/\/yoast.com\/product\/yoast-seo-wordpress\/ -->\n<title>Condicions de compra - Flor de Camp<\/title>\n<meta name=\"robots\" content=\"index, follow, max-snippet:-1, max-image-preview:large, max-video-preview:-1\" \/>\n<link rel=\"canonical\" href=\"https:\/\/flordecamp.com\/en\/condicions-de-compra\/\" \/>\n<meta property=\"og:locale\" content=\"en_GB\" \/>\n<meta property=\"og:type\" content=\"article\" \/>\n<meta property=\"og:title\" content=\"Condicions de compra - Flor de Camp\" \/>\n<meta property=\"og:description\" content=\"Cobertura geogr\u00e0fica: Els productes que s\u2019ofereixen mitjan\u00e7ant aquesta p\u00e0gina web estan \u00fanicament ...\" \/>\n<meta property=\"og:url\" content=\"https:\/\/flordecamp.com\/en\/condicions-de-compra\/\" \/>\n<meta property=\"og:site_name\" content=\"Flor de Camp\" \/>\n<meta property=\"article:modified_time\" content=\"2024-06-28T05:18:49+00:00\" \/>\n<meta name=\"twitter:card\" content=\"summary_large_image\" \/>\n<meta name=\"twitter:label1\" content=\"Estimated reading time\" \/>\n\t<meta name=\"twitter:data1\" content=\"4 minutes\" \/>\n<script type=\"application\/ld+json\" class=\"yoast-schema-graph\">{\"@context\":\"https:\\\/\\\/schema.org\",\"@graph\":[{\"@type\":\"WebPage\",\"@id\":\"https:\\\/\\\/flordecamp.com\\\/condicions-de-compra\\\/\",\"url\":\"https:\\\/\\\/flordecamp.com\\\/condicions-de-compra\\\/\",\"name\":\"Condicions de compra - Flor de Camp\",\"isPartOf\":{\"@id\":\"https:\\\/\\\/flordecamp.com\\\/#website\"},\"datePublished\":\"2024-06-28T05:16:54+00:00\",\"dateModified\":\"2024-06-28T05:18:49+00:00\",\"breadcrumb\":{\"@id\":\"https:\\\/\\\/flordecamp.com\\\/condicions-de-compra\\\/#breadcrumb\"},\"inLanguage\":\"en-GB\",\"potentialAction\":[{\"@type\":\"ReadAction\",\"target\":[\"https:\\\/\\\/flordecamp.com\\\/condicions-de-compra\\\/\"]}]},{\"@type\":\"BreadcrumbList\",\"@id\":\"https:\\\/\\\/flordecamp.com\\\/condicions-de-compra\\\/#breadcrumb\",\"itemListElement\":[{\"@type\":\"ListItem\",\"position\":1,\"name\":\"Inici\",\"item\":\"https:\\\/\\\/flordecamp.com\\\/\"},{\"@type\":\"ListItem\",\"position\":2,\"name\":\"Condicions de compra\"}]},{\"@type\":\"WebSite\",\"@id\":\"https:\\\/\\\/flordecamp.com\\\/#website\",\"url\":\"https:\\\/\\\/flordecamp.com\\\/\",\"name\":\"Flor de Camp\",\"description\":\"Agricultura sostenible a la Ribera d&#039;Ebre\",\"potentialAction\":[{\"@type\":\"SearchAction\",\"target\":{\"@type\":\"EntryPoint\",\"urlTemplate\":\"https:\\\/\\\/flordecamp.com\\\/?s={search_term_string}\"},\"query-input\":{\"@type\":\"PropertyValueSpecification\",\"valueRequired\":true,\"valueName\":\"search_term_string\"}}],\"inLanguage\":\"en-GB\"}]}<\/script>\n<!-- \/ Yoast SEO plugin. -->","yoast_head_json":{"title":"Condicions de compra - Flor de Camp","robots":{"index":"index","follow":"follow","max-snippet":"max-snippet:-1","max-image-preview":"max-image-preview:large","max-video-preview":"max-video-preview:-1"},"canonical":"https:\/\/flordecamp.com\/en\/condicions-de-compra\/","og_locale":"en_GB","og_type":"article","og_title":"Condicions de compra - Flor de Camp","og_description":"Cobertura geogr\u00e0fica: Els productes que s\u2019ofereixen mitjan\u00e7ant aquesta p\u00e0gina web estan \u00fanicament ...","og_url":"https:\/\/flordecamp.com\/en\/condicions-de-compra\/","og_site_name":"Flor de Camp","article_modified_time":"2024-06-28T05:18:49+00:00","twitter_card":"summary_large_image","twitter_misc":{"Estimated reading time":"4 minutes"},"schema":{"@context":"https:\/\/schema.org","@graph":[{"@type":"WebPage","@id":"https:\/\/flordecamp.com\/condicions-de-compra\/","url":"https:\/\/flordecamp.com\/condicions-de-compra\/","name":"Condicions de compra - Flor de Camp","isPartOf":{"@id":"https:\/\/flordecamp.com\/#website"},"datePublished":"2024-06-28T05:16:54+00:00","dateModified":"2024-06-28T05:18:49+00:00","breadcrumb":{"@id":"https:\/\/flordecamp.com\/condicions-de-compra\/#breadcrumb"},"inLanguage":"en-GB","potentialAction":[{"@type":"ReadAction","target":["https:\/\/flordecamp.com\/condicions-de-compra\/"]}]},{"@type":"BreadcrumbList","@id":"https:\/\/flordecamp.com\/condicions-de-compra\/#breadcrumb","itemListElement":[{"@type":"ListItem","position":1,"name":"Inici","item":"https:\/\/flordecamp.com\/"},{"@type":"ListItem","position":2,"name":"Condicions de compra"}]},{"@type":"WebSite","@id":"https:\/\/flordecamp.com\/#website","url":"https:\/\/flordecamp.com\/","name":"Flor de Camp","description":"Agricultura sostenible a la Ribera d&#039;Ebre","potentialAction":[{"@type":"SearchAction","target":{"@type":"EntryPoint","urlTemplate":"https:\/\/flordecamp.com\/?s={search_term_string}"},"query-input":{"@type":"PropertyValueSpecification","valueRequired":true,"valueName":"search_term_string"}}],"inLanguage":"en-GB"}]}},"_links":{"self":[{"href":"https:\/\/flordecamp.com\/en\/wp-json\/wp\/v2\/pages\/4220","targetHints":{"allow":["GET"]}}],"collection":[{"href":"https:\/\/flordecamp.com\/en\/wp-json\/wp\/v2\/pages"}],"about":[{"href":"https:\/\/flordecamp.com\/en\/wp-json\/wp\/v2\/types\/page"}],"author":[{"embeddable":true,"href":"https:\/\/flordecamp.com\/en\/wp-json\/wp\/v2\/users\/1"}],"replies":[{"embeddable":true,"href":"https:\/\/flordecamp.com\/en\/wp-json\/wp\/v2\/comments?post=4220"}],"version-history":[{"count":3,"href":"https:\/\/flordecamp.com\/en\/wp-json\/wp\/v2\/pages\/4220\/revisions"}],"predecessor-version":[{"id":4223,"href":"https:\/\/flordecamp.com\/en\/wp-json\/wp\/v2\/pages\/4220\/revisions\/4223"}],"wp:attachment":[{"href":"https:\/\/flordecamp.com\/en\/wp-json\/wp\/v2\/media?parent=4220"}],"curies":[{"name":"wp","href":"https:\/\/api.w.org\/{rel}","templated":true}]}}